{"id":36,"date":"2017-02-16T09:13:19","date_gmt":"2017-02-16T08:13:19","guid":{"rendered":"http:\/\/mxajfmgl.preview.infomaniak.website\/?page_id=36"},"modified":"2021-01-04T19:44:40","modified_gmt":"2021-01-04T18:44:40","slug":"home","status":"publish","type":"page","link":"https:\/\/asensiojuan.com\/","title":{"rendered":"Inicio"},"content":{"rendered":"<p>[et_pb_section fb_built=\u00bb1&#8243; fullwidth=\u00bbon\u00bb admin_label=\u00bbSection\u00bb module_id=\u00bbhome\u00bb _builder_version=\u00bb4.7.7&#8243; custom_padding=\u00bb0px|0px|0px|0px\u00bb top_divider_style=\u00bbslant\u00bb top_divider_color=\u00bb#e09900&#8243; top_divider_height=\u00bb30px\u00bb hover_enabled=\u00bb0&#8243; transparent_background=\u00bboff\u00bb make_fullwidth=\u00bboff\u00bb use_custom_width=\u00bboff\u00bb width_unit=\u00bboff\u00bb custom_width_px=\u00bb1080px\u00bb custom_width_percent=\u00bb80%\u00bb sticky_enabled=\u00bb0&#8243;][et_pb_fullwidth_slider admin_label=\u00bbCurseur de d\u00e9filement plein \u00e9cran\u00bb _builder_version=\u00bb4.7.7&#8243; background_position=\u00bbtop_left\u00bb custom_margin=\u00bb-58px||-287px|||\u00bb custom_padding=\u00bb|||\u00bb custom_padding_tablet=\u00bb|||\u00bb custom_padding_phone=\u00bb|||\u00bb hover_enabled=\u00bb0&#8243; button_border_radius_hover=\u00bb0&#8243; button_letter_spacing_hover=\u00bb0&#8243; remove_inner_shadow=\u00bbon\u00bb hide_content_on_mobile=\u00bboff\u00bb hide_cta_on_mobile=\u00bboff\u00bb show_inner_shadow=\u00bboff\u00bb button_text_size__hover_enabled=\u00bboff\u00bb button_one_text_size__hover_enabled=\u00bboff\u00bb button_two_text_size__hover_enabled=\u00bboff\u00bb button_text_color__hover_enabled=\u00bboff\u00bb button_one_text_color__hover_enabled=\u00bboff\u00bb button_two_text_color__hover_enabled=\u00bboff\u00bb button_border_width__hover_enabled=\u00bboff\u00bb button_one_border_width__hover_enabled=\u00bboff\u00bb button_two_border_width__hover_enabled=\u00bboff\u00bb button_border_color__hover_enabled=\u00bboff\u00bb button_one_border_color__hover_enabled=\u00bboff\u00bb button_two_border_color__hover_enabled=\u00bboff\u00bb button_border_radius__hover_enabled=\u00bbon\u00bb button_border_radius__hover=\u00bb0&#8243; button_one_border_radius__hover_enabled=\u00bboff\u00bb button_two_border_radius__hover_enabled=\u00bboff\u00bb button_letter_spacing__hover_enabled=\u00bbon\u00bb button_letter_spacing__hover=\u00bb0&#8243; button_one_letter_spacing__hover_enabled=\u00bboff\u00bb button_two_letter_spacing__hover_enabled=\u00bboff\u00bb button_bg_color__hover_enabled=\u00bboff\u00bb button_one_bg_color__hover_enabled=\u00bboff\u00bb button_two_bg_color__hover_enabled=\u00bboff\u00bb sticky_enabled=\u00bb0&#8243;][et_pb_slide heading=\u00bbGABINETE BCN\u00bb button_text=\u00bbProfesionalidad &#8211; Confianza &#8211; Experiencia\u00bb button_link=\u00bb#about\u00bb use_bg_overlay=\u00bbon\u00bb bg_overlay_color=\u00bbrgba(0,0,0,0.5)\u00bb use_text_overlay=\u00bboff\u00bb _builder_version=\u00bb4.7.7&#8243; header_font=\u00bb||||\u00bb header_font_size=\u00bb85&#8243; body_font=\u00bb||||\u00bb body_line_height=\u00bb1.5em\u00bb background_color=\u00bb#000000&#8243; background_image=\u00bb\/wp-content\/uploads\/2017\/02\/Office-Day.jpg\u00bb background_position=\u00bbtop_left\u00bb background_video_mp4=\u00bb\/wp-content\/uploads\/2017\/02\/Office-Day-1080p.mp4&#8243; background_video_webm=\u00bb\/wp-content\/uploads\/2017\/02\/Office-Day-1080p.webm\u00bb custom_button=\u00bbon\u00bb button_text_size=\u00bb16px\u00bb button_text_color=\u00bb#ffffff\u00bb button_border_color=\u00bb#ffffff\u00bb button_font=\u00bb||||\u00bb button_use_icon=\u00bboff\u00bb hover_enabled=\u00bb0&#8243; header_font_size_tablet=\u00bb80px\u00bb header_font_size_phone=\u00bb50px\u00bb header_font_size_last_edited=\u00bbon|phone\u00bb body_font_size_tablet=\u00bb\u00bb body_font_size_phone=\u00bb\u00bb body_font_size_last_edited=\u00bbon|tablet\u00bb body_line_height_tablet=\u00bb1.5em\u00bb body_line_height_phone=\u00bb1.5em\u00bb button_text_size_tablet=\u00bb16px\u00bb button_text_size_phone=\u00bb16px\u00bb button_text_size_last_edited=\u00bbon|desktop\u00bb button_text_color_hover=\u00bb#666666&#8243; button_bg_color_hover=\u00bb#ffffff\u00bb video_bg_mp4=\u00bb\/wp-content\/uploads\/2017\/02\/Office-Day-1080p.mp4&#8243; video_bg_webm=\u00bb\/wp-content\/uploads\/2017\/02\/Office-Day-1080p.webm\u00bb button_text_size__hover_enabled=\u00bboff\u00bb button_one_text_size__hover_enabled=\u00bboff\u00bb button_two_text_size__hover_enabled=\u00bboff\u00bb button_text_color__hover_enabled=\u00bbon\u00bb button_text_color__hover=\u00bb#666666&#8243; button_one_text_color__hover_enabled=\u00bboff\u00bb button_two_text_color__hover_enabled=\u00bboff\u00bb button_border_width__hover_enabled=\u00bboff\u00bb button_one_border_width__hover_enabled=\u00bboff\u00bb button_two_border_width__hover_enabled=\u00bboff\u00bb button_border_color__hover_enabled=\u00bboff\u00bb button_one_border_color__hover_enabled=\u00bboff\u00bb button_two_border_color__hover_enabled=\u00bboff\u00bb button_border_radius__hover_enabled=\u00bboff\u00bb button_one_border_radius__hover_enabled=\u00bboff\u00bb button_two_border_radius__hover_enabled=\u00bboff\u00bb button_letter_spacing__hover_enabled=\u00bboff\u00bb button_one_letter_spacing__hover_enabled=\u00bboff\u00bb button_two_letter_spacing__hover_enabled=\u00bboff\u00bb button_bg_color__hover_enabled=\u00bbon\u00bb button_bg_color__hover=\u00bb#ffffff\u00bb button_one_bg_color__hover_enabled=\u00bboff\u00bb button_two_bg_color__hover_enabled=\u00bboff\u00bb sticky_transition=\u00bbon\u00bb sticky_enabled=\u00bb0&#8243; title_text=\u00bbGABINETE BCN Asensio Abodado\u00bb image=\u00bbhttps:\/\/asensiojuan.com\/wp-content\/uploads\/2021\/01\/GABINETE-BCN-Asensio-Abodado-scaled.jpg\u00bb]<\/p>\n<h1><span style=\"font-size: x-large;\">Juan Jos\u00e9 Asensio de Haro &#8211; Abogado &#8211; Barcelona<\/span><\/h1>\n<p>[\/et_pb_slide][et_pb_slide heading=\u00bbGABINETE BCN\u00bb button_text=\u00bbUna experencia de mas de 20 a\u00f1os\u00bb button_link=\u00bb#team\u00bb use_bg_overlay=\u00bbon\u00bb bg_overlay_color=\u00bbrgba(0,0,0,0.5)\u00bb use_text_overlay=\u00bboff\u00bb arrows_custom_color=\u00bb#ffffff\u00bb dot_nav_custom_color=\u00bb#ffffff\u00bb _builder_version=\u00bb4.7.7&#8243; header_font=\u00bb||||\u00bb header_font_size=\u00bb85px\u00bb body_font=\u00bb||||\u00bb body_line_height=\u00bb1.5em\u00bb background_color=\u00bb#ffffff\u00bb background_image=\u00bbhttps:\/\/asensiojuan.com\/wp-content\/uploads\/2020\/12\/Accountant-Image-02-e1609197588854.jpg\u00bb background_enable_image=\u00bbon\u00bb background_size=\u00bbcontain\u00bb background_position=\u00bbtop_left\u00bb custom_button=\u00bbon\u00bb button_text_size=\u00bb16px\u00bb button_text_color=\u00bb#ffffff\u00bb button_border_width=\u00bb2px\u00bb button_border_color=\u00bb#ffffff\u00bb button_border_radius=\u00bb0px\u00bb button_font=\u00bb||||\u00bb button_use_icon=\u00bboff\u00bb hover_enabled=\u00bb0&#8243; header_font_size_tablet=\u00bb80px\u00bb header_font_size_phone=\u00bb50px\u00bb header_font_size_last_edited=\u00bbon|tablet\u00bb body_font_size_tablet=\u00bb\u00bb body_font_size_phone=\u00bb16px\u00bb body_font_size_last_edited=\u00bbon|phone\u00bb body_line_height_tablet=\u00bb1.5em\u00bb body_line_height_phone=\u00bb1.5em\u00bb button_text_size_tablet=\u00bb16px\u00bb button_text_size_phone=\u00bb16px\u00bb button_text_size_last_edited=\u00bbon|phone\u00bb button_text_color_hover=\u00bb#333333&#8243; button_border_radius_hover=\u00bb0px\u00bb button_bg_color_hover=\u00bb#ffffff\u00bb button_text_size__hover_enabled=\u00bboff\u00bb button_one_text_size__hover_enabled=\u00bboff\u00bb button_two_text_size__hover_enabled=\u00bboff\u00bb button_text_color__hover_enabled=\u00bbon\u00bb button_text_color__hover=\u00bb#333333&#8243; button_one_text_color__hover_enabled=\u00bboff\u00bb button_two_text_color__hover_enabled=\u00bboff\u00bb button_border_width__hover_enabled=\u00bboff\u00bb button_one_border_width__hover_enabled=\u00bboff\u00bb button_two_border_width__hover_enabled=\u00bboff\u00bb button_border_color__hover_enabled=\u00bboff\u00bb button_one_border_color__hover_enabled=\u00bboff\u00bb button_two_border_color__hover_enabled=\u00bboff\u00bb button_border_radius__hover_enabled=\u00bbon\u00bb button_border_radius__hover=\u00bb0px\u00bb button_one_border_radius__hover_enabled=\u00bboff\u00bb button_two_border_radius__hover_enabled=\u00bboff\u00bb button_letter_spacing__hover_enabled=\u00bboff\u00bb button_one_letter_spacing__hover_enabled=\u00bboff\u00bb button_two_letter_spacing__hover_enabled=\u00bboff\u00bb button_bg_color__hover_enabled=\u00bbon\u00bb button_bg_color__hover=\u00bb#ffffff\u00bb button_one_bg_color__hover_enabled=\u00bboff\u00bb button_two_bg_color__hover_enabled=\u00bboff\u00bb sticky_transition=\u00bbon\u00bb sticky_enabled=\u00bb0&#8243;]<\/p>\n<h1><span style=\"font-size: x-large;\">Juan Jos\u00e9 Asensio de Haro &#8211; Abogado &#8211; Barcelona<\/span><\/h1>\n<p>[\/et_pb_slide][\/et_pb_fullwidth_slider][\/et_pb_section][et_pb_section fb_built=\u00bb1&#8243; custom_padding_last_edited=\u00bbon|desktop\u00bb admin_label=\u00bbsection\u00bb module_id=\u00bbabout\u00bb _builder_version=\u00bb3.22&#8243; custom_padding=\u00bb0px|0px|0px|0px\u00bb custom_padding_tablet=\u00bb\u00bb custom_padding_phone=\u00bb\u00bb transparent_background=\u00bboff\u00bb make_fullwidth=\u00bboff\u00bb use_custom_width=\u00bboff\u00bb width_unit=\u00bboff\u00bb custom_width_px=\u00bb1080px\u00bb custom_width_percent=\u00bb80%\u00bb][et_pb_row custom_padding_last_edited=\u00bbon|phone\u00bb admin_label=\u00bbLigne\u00bb _builder_version=\u00bb3.25&#8243; background_size=\u00bbinitial\u00bb background_position=\u00bbtop_left\u00bb background_repeat=\u00bbrepeat\u00bb custom_padding=\u00bb130px|180px|130px|180px\u00bb custom_padding_tablet=\u00bb100px|100px|100px|100px\u00bb custom_padding_phone=\u00bb100px|20px|100px|20px\u00bb make_fullwidth=\u00bboff\u00bb use_custom_width=\u00bboff\u00bb width_unit=\u00bboff\u00bb custom_width_px=\u00bb1080px\u00bb custom_width_percent=\u00bb80%\u00bb][et_pb_column type=\u00bb4_4&#8243; _builder_version=\u00bb3.25&#8243; custom_padding=\u00bb|||\u00bb hover_enabled=\u00bb0&#8243; custom_padding__hover=\u00bb|||\u00bb sticky_enabled=\u00bb0&#8243;][\/et_pb_column][\/et_pb_row][\/et_pb_section][et_pb_section fb_built=\u00bb1&#8243; admin_label=\u00bbsection\u00bb _builder_version=\u00bb3.22&#8243; custom_padding=\u00bb0px|0px|0px|0px\u00bb transparent_background=\u00bboff\u00bb make_fullwidth=\u00bboff\u00bb use_custom_width=\u00bboff\u00bb width_unit=\u00bboff\u00bb custom_width_px=\u00bb1080px\u00bb custom_width_percent=\u00bb80%\u00bb][et_pb_row column_structure=\u00bb1_3,1_3,1_3&#8243; use_custom_gutter=\u00bbon\u00bb gutter_width=\u00bb1&#8243; custom_padding_last_edited=\u00bboff|desktop\u00bb admin_label=\u00bbrow\u00bb module_class=\u00bb et_pb_row_fullwidth\u00bb _builder_version=\u00bb4.7.6&#8243; background_color=\u00bb#d6d6d6&#8243; background_enable_image=\u00bboff\u00bb background_size=\u00bbcontain\u00bb background_position=\u00bbtop_left\u00bb background_repeat=\u00bbrepeat\u00bb width=\u00bb100%\u00bb width_tablet=\u00bb100%\u00bb width_phone=\u00bb\u00bb width_last_edited=\u00bbon|desktop\u00bb max_width=\u00bb100%\u00bb max_width_tablet=\u00bb100%\u00bb max_width_phone=\u00bb\u00bb max_width_last_edited=\u00bbon|desktop\u00bb min_height=\u00bb721px\u00bb custom_margin=\u00bb||0px||false|false\u00bb custom_padding=\u00bb0px||0px|||\u00bb custom_padding_tablet=\u00bb|||\u00bb make_fullwidth=\u00bbon\u00bb use_custom_width=\u00bboff\u00bb width_unit=\u00bboff\u00bb custom_width_px=\u00bb1080px\u00bb custom_width_percent=\u00bb80%\u00bb][et_pb_column type=\u00bb1_3&#8243; _builder_version=\u00bb4.7.6&#8243; background_image=\u00bbhttps:\/\/asensiojuan.com\/wp-content\/uploads\/2017\/02\/brand_strategy-1.jpg\u00bb custom_padding=\u00bb|||\u00bb custom_padding__hover=\u00bb|||\u00bb][et_pb_text admin_label=\u00bbTexte\u00bb _builder_version=\u00bb4.7.6&#8243; text_line_height=\u00bb1.5em\u00bb header_font_size=\u00bb50px\u00bb background_size=\u00bbcontain\u00bb background_position=\u00bbtop_left\u00bb background_repeat=\u00bbrepeat\u00bb text_orientation=\u00bbcenter\u00bb background_layout=\u00bbdark\u00bb module_alignment=\u00bbcenter\u00bb custom_margin=\u00bb246px||245px|\u00bb custom_padding=\u00bb|50px||50px\u00bb use_border_color=\u00bboff\u00bb border_style=\u00bbsolid\u00bb inline_fonts=\u00bbAclonica\u00bb]<\/p>\n<h1><img decoding=\"async\" loading=\"lazy\" class=\"wp-image-28756 alignnone size-full\" src=\"\/wp-content\/uploads\/2017\/02\/chat.png\" alt=\"\" width=\"105\" height=\"88\" \/><\/h1>\n<h2><strong>PIDE UNA CITA, Y HABLAMOS<\/strong><\/h2>\n<p>&nbsp;[\/et_pb_text][\/et_pb_column][et_pb_column type=\u00bb1_3&#8243; _builder_version=\u00bb4.7.6&#8243; background_color=\u00bb#d6d6d6&#8243; background_enable_image=\u00bboff\u00bb custom_padding=\u00bb|||\u00bb custom_padding__hover=\u00bb|||\u00bb][et_pb_text _builder_version=\u00bb4.7.6&#8243; _module_preset=\u00bbdefault\u00bb text_font=\u00bbArial||||||||\u00bb text_font_size=\u00bb25px\u00bb text_orientation=\u00bbcenter\u00bb min_height=\u00bb385px\u00bb custom_padding=\u00bb||0px|||\u00bb]<\/p>\n<p>&nbsp;<\/p>\n<h1 style=\"text-align: center;\">Juan Jos\u00e9 Asensio de Haro<\/h1>\n<h1 style=\"text-align: center;\"><strong>GABINETE BCN<\/strong><\/h1>\n<h1 style=\"text-align: center;\">Calle Bartrina n. 29 bajo<\/h1>\n<h1 style=\"text-align: center;\">08030 Barcelona<\/h1>\n<p><strong><\/strong><\/p>\n<p>tel:\u00a0 931863013<\/p>\n<p>movil: 676409802<\/p>\n<p>fax: 931863013<\/p>\n<p>[\/et_pb_text][et_pb_text _builder_version=\u00bb4.7.6&#8243; _module_preset=\u00bbdefault\u00bb text_font=\u00bbArial||||||||\u00bb background_image=\u00bbhttps:\/\/asensiojuan.com\/wp-content\/uploads\/2020\/12\/logo.jpg\u00bb background_size=\u00bbcontain\u00bb min_height=\u00bb279px\u00bb custom_padding=\u00bb||0px|||\u00bb][\/et_pb_text][et_pb_code _builder_version=\u00bb4.7.7&#8243; _module_preset=\u00bbdefault\u00bb text_orientation=\u00bbcenter\u00bb module_alignment=\u00bbcenter\u00bb]<pee><a href=\"https:\/\/www.icab.es\/ca\/colegi\/membres\/index.html?id=17712\" target=\"_blank\" rel=\"noopener\"><\/p>\n<tr bgcolor=\"FFFFFF\"><b><!-- [et_pb_line_break_holder] -->Il\u00b7lustre Col\u00b7legi de l&#8217;Advocacia de Barcelona<pee>Membre 17712<\/pee><\/b><\/tr>\n<p><\/a><\/pee>[\/et_pb_code][\/et_pb_column][et_pb_column type=\u00bb1_3&#8243; _builder_version=\u00bb4.7.6&#8243; background_image=\u00bbhttps:\/\/asensiojuan.com\/wp-content\/uploads\/2020\/12\/piotr-makowski-27LH_0jXKYI-unsplash-scaled.jpg\u00bb background_size=\u00bbcontain\u00bb background_position=\u00bbtop_center\u00bb custom_padding=\u00bb|||\u00bb custom_padding__hover=\u00bb|||\u00bb][et_pb_text admin_label=\u00bbTexte\u00bb _builder_version=\u00bb4.7.6&#8243; text_line_height=\u00bb1.5em\u00bb header_font_size=\u00bb50px\u00bb background_enable_color=\u00bboff\u00bb background_enable_image=\u00bboff\u00bb background_size=\u00bbcontain\u00bb text_orientation=\u00bbcenter\u00bb background_layout=\u00bbdark\u00bb module_alignment=\u00bbcenter\u00bb min_height=\u00bb118px\u00bb custom_margin=\u00bb0px||238px||false|false\u00bb custom_padding=\u00bb|50px||50px\u00bb use_border_color=\u00bboff\u00bb border_style=\u00bbsolid\u00bb]<\/p>\n<h1><img decoding=\"async\" loading=\"lazy\" class=\"wp-image-28757 alignnone size-full\" src=\"\/wp-content\/uploads\/2017\/02\/light.png\" alt=\"\" width=\"63\" height=\"104\" \/><\/h1>\n<h2><strong><span class=\"VIiyi\" jsaction=\"mouseup:BR6jm\" jsname=\"jqKxS\" lang=\"es\"><span jsaction=\"agoMJf:PFBcW;usxOmf:aWLT7;jhKsnd:P7O7bd,F8DmGf;Q4AGo:Gm7gYd,qAKMYb;uFUCPb:pvnm0e,pfE8Hb,PFBcW;f56efd:dJXsye;EnoYf:KNzws,ZJsZZ,JgVSJc;zdMJQc:cCQNKb,ZJsZZ,zchEXc;Ytrrj:JJDvdc;tNR8yc:GeFvjb;oFN6Ye:hij5Wb\" jscontroller=\"Zl5N8\" jsmodel=\"SsMkhd\" jsname=\"txFAF\" class=\"JLqJ4b ChMk0b\" data-language-for-alternatives=\"es\" data-language-to-translate-into=\"fr\" data-phrase-index=\"1\" jsdata=\"uqLsIf;_;$136\"><span jsaction=\"click:qtZ4nf,GFf3ac,tMZCfe; contextmenu:Nqw7Te,QP7LD; mouseout:Nqw7Te; mouseover:qtZ4nf,c2aHje\" jsname=\"W297wb\">\u00bf<\/span><\/span><\/span>BUSCAMOS LA SOLUCION A TU PROBLEMA?<\/strong><\/h2>\n<p>[\/et_pb_text][\/et_pb_column][\/et_pb_row][et_pb_row _builder_version=\u00bb4.7.6&#8243; _module_preset=\u00bbdefault\u00bb custom_margin=\u00bb0px||0px||false|false\u00bb custom_padding=\u00bb0px||0px||false|false\u00bb][et_pb_column type=\u00bb4_4&#8243; _builder_version=\u00bb4.7.6&#8243; _module_preset=\u00bbdefault\u00bb][\/et_pb_column][\/et_pb_row][\/et_pb_section][et_pb_section fb_built=\u00bb1&#8243; admin_label=\u00bbsection\u00bb module_id=\u00bbteam\u00bb _builder_version=\u00bb4.7.6&#8243; background_color=\u00bb#d6d6d6&#8243; custom_margin=\u00bb-38px|||||\u00bb custom_padding=\u00bb0px|0px|30px|0px||\u00bb transparent_background=\u00bboff\u00bb make_fullwidth=\u00bboff\u00bb use_custom_width=\u00bboff\u00bb width_unit=\u00bboff\u00bb custom_width_px=\u00bb1080px\u00bb custom_width_percent=\u00bb80%\u00bb][et_pb_row custom_padding_last_edited=\u00bbon|phone\u00bb admin_label=\u00bbrow\u00bb _builder_version=\u00bb4.7.6&#8243; background_color=\u00bb#d6d6d6&#8243; background_size=\u00bbinitial\u00bb background_position=\u00bbtop_left\u00bb background_repeat=\u00bbrepeat\u00bb max_width=\u00bb80%\u00bb min_height=\u00bb115px\u00bb custom_padding=\u00bb50px|180px|0px|180px\u00bb custom_padding_tablet=\u00bb50px|100px|100px|100px\u00bb custom_padding_phone=\u00bb50px|20px|100px|20px\u00bb make_fullwidth=\u00bboff\u00bb use_custom_width=\u00bbon\u00bb width_unit=\u00bboff\u00bb custom_width_px=\u00bb1080px\u00bb custom_width_percent=\u00bb80%\u00bb][et_pb_column type=\u00bb4_4&#8243; _builder_version=\u00bb3.25&#8243; custom_padding=\u00bb|||\u00bb custom_padding__hover=\u00bb|||\u00bb][et_pb_text _builder_version=\u00bb4.7.6&#8243; _module_preset=\u00bbdefault\u00bb custom_padding=\u00bb8px|||||\u00bb]<\/p>\n<h1 style=\"text-align: center;\"><span style=\"color: #808080;\"><strong><span style=\"color: #ffffff;\">\u00c1REAS DE SERVICIO<\/span><br \/><\/strong><\/span><\/h1>\n<p>[\/et_pb_text][\/et_pb_column][\/et_pb_row][et_pb_row column_structure=\u00bb1_5,1_5,1_5,1_5,1_5&#8243; _builder_version=\u00bb4.7.6&#8243; _module_preset=\u00bbdefault\u00bb][et_pb_column type=\u00bb1_5&#8243; _builder_version=\u00bb4.7.6&#8243; _module_preset=\u00bbdefault\u00bb][et_pb_image src=\u00bbhttps:\/\/asensiojuan.com\/wp-content\/uploads\/2020\/12\/C-1-150&#215;150.png\u00bb alt=\u00bbCIVIL\u00bb title_text=\u00bbCIVIL\u00bb _builder_version=\u00bb4.7.7&#8243; _module_preset=\u00bbdefault\u00bb custom_margin=\u00bb||0px||false|false\u00bb custom_padding=\u00bb||0px||false|false\u00bb][\/et_pb_image][et_pb_text _builder_version=\u00bb4.7.7&#8243; _module_preset=\u00bbdefault\u00bb custom_margin=\u00bb0px||||false|false\u00bb custom_padding=\u00bb0px||||false|false\u00bb animation_style=\u00bbroll\u00bb animation_direction=\u00bbbottom\u00bb animation_duration=\u00bb1850ms\u00bb]<\/p>\n<h2 style=\"text-align: left;\"><span style=\"color: #ffffff;\"><strong>CIVIL<\/strong><\/span><\/h2>\n<p>[\/et_pb_text][\/et_pb_column][et_pb_column type=\u00bb1_5&#8243; _builder_version=\u00bb4.7.6&#8243; _module_preset=\u00bbdefault\u00bb][et_pb_image src=\u00bbhttps:\/\/asensiojuan.com\/wp-content\/uploads\/2020\/12\/P-2-150&#215;150.png\u00bb alt=\u00bbPENAL\u00bb title_text=\u00bbPENAL\u00bb _builder_version=\u00bb4.7.7&#8243; _module_preset=\u00bbdefault\u00bb custom_margin=\u00bb||0px||false|false\u00bb custom_padding=\u00bb||0px||false|false\u00bb animation_direction=\u00bbbottom\u00bb][\/et_pb_image][et_pb_text _builder_version=\u00bb4.7.7&#8243; _module_preset=\u00bbdefault\u00bb custom_margin=\u00bb0px||||false|false\u00bb custom_padding=\u00bb0px||||false|false\u00bb animation_style=\u00bbroll\u00bb animation_direction=\u00bbtop\u00bb animation_duration=\u00bb150ms\u00bb]<\/p>\n<h2><span style=\"color: #ffffff;\"><strong>PENAL<\/strong><\/span><\/h2>\n<p>[\/et_pb_text][\/et_pb_column][et_pb_column type=\u00bb1_5&#8243; _builder_version=\u00bb4.7.6&#8243; _module_preset=\u00bbdefault\u00bb][et_pb_image src=\u00bbhttps:\/\/asensiojuan.com\/wp-content\/uploads\/2020\/12\/L-1-150&#215;150.png\u00bb alt=\u00bbLABORAL\u00bb title_text=\u00bbLABORAL\u00bb _builder_version=\u00bb4.7.7&#8243; _module_preset=\u00bbdefault\u00bb custom_margin=\u00bb||0px||false|false\u00bb custom_padding=\u00bb||0px||false|false\u00bb][\/et_pb_image][et_pb_text _builder_version=\u00bb4.7.7&#8243; _dynamic_attributes=\u00bblink_option_url\u00bb _module_preset=\u00bbdefault\u00bb custom_margin=\u00bb0px||||false|false\u00bb custom_padding=\u00bb0px||||false|false\u00bb animation_style=\u00bbroll\u00bb animation_direction=\u00bbtop\u00bb animation_duration=\u00bb150ms\u00bb link_option_url=\u00bb@ET-DC@eyJkeW5hbWljIjp0cnVlLCJjb250ZW50IjoicG9zdF9saW5rX3VybF9wYWdlIiwic2V0dGluZ3MiOnsicG9zdF9pZCI6IjI4ODc5In19@\u00bb]<\/p>\n<h2 style=\"text-align: left;\"><strong><span style=\"color: #ffffff;\">LABORAL<\/span><\/strong><\/h2>\n<p>[\/et_pb_text][\/et_pb_column][et_pb_column type=\u00bb1_5&#8243; _builder_version=\u00bb4.7.6&#8243; _module_preset=\u00bbdefault\u00bb][et_pb_image src=\u00bbhttps:\/\/asensiojuan.com\/wp-content\/uploads\/2020\/12\/I-1-150&#215;150.png\u00bb alt=\u00bbINMOBILIARIA\u00bb title_text=\u00bbINMOBILIARIA\u00bb _builder_version=\u00bb4.7.7&#8243; _module_preset=\u00bbdefault\u00bb custom_margin=\u00bb||0px||false|false\u00bb custom_padding=\u00bb||0px||false|false\u00bb][\/et_pb_image][et_pb_text _builder_version=\u00bb4.7.6&#8243; _module_preset=\u00bbdefault\u00bb custom_margin=\u00bb0px||||false|false\u00bb custom_padding=\u00bb0px||||false|false\u00bb animation_style=\u00bbroll\u00bb animation_direction=\u00bbtop\u00bb]<\/p>\n<h2><span style=\"color: #ffffff;\"><strong>INMOBILIARIA<\/strong><\/span><\/h2>\n<p>[\/et_pb_text][\/et_pb_column][et_pb_column type=\u00bb1_5&#8243; _builder_version=\u00bb4.7.6&#8243; _module_preset=\u00bbdefault\u00bb][et_pb_image src=\u00bbhttps:\/\/asensiojuan.com\/wp-content\/uploads\/2020\/12\/I-1-150&#215;150.png\u00bb alt=\u00bbIMPUESTOS\u00bb title_text=\u00bbIMPUESTOS\u00bb _builder_version=\u00bb4.7.7&#8243; _module_preset=\u00bbdefault\u00bb custom_margin=\u00bb||0px||false|false\u00bb custom_padding=\u00bb||0px||false|false\u00bb][\/et_pb_image][et_pb_text _builder_version=\u00bb4.7.6&#8243; _module_preset=\u00bbdefault\u00bb custom_margin=\u00bb0px||||false|false\u00bb custom_padding=\u00bb0px||||false|false\u00bb animation_style=\u00bbfold\u00bb animation_direction=\u00bbtop\u00bb animation_delay=\u00bb1350ms\u00bb]<\/p>\n<h2><strong><span style=\"color: #ffffff;\">IMPUESTOS<\/span><\/strong><\/h2>\n<p>[\/et_pb_text][\/et_pb_column][\/et_pb_row][\/et_pb_section][et_pb_section fb_built=\u00bb1&#8243; prev_background_color=\u00bb#d6d6d6&#8243; _builder_version=\u00bb4.7.7&#8243; _module_preset=\u00bbdefault\u00bb min_height=\u00bb189.3px\u00bb custom_margin=\u00bb-1px||0px||false|false\u00bb custom_padding=\u00bb5px||0px||false|false\u00bb top_divider_style=\u00bbslant\u00bb][et_pb_row _builder_version=\u00bb4.7.7&#8243; _module_preset=\u00bbdefault\u00bb][et_pb_column type=\u00bb4_4&#8243; _builder_version=\u00bb4.7.7&#8243; _module_preset=\u00bbdefault\u00bb][et_pb_button button_url=\u00bb@ET-DC@eyJkeW5hbWljIjp0cnVlLCJjb250ZW50IjoicG9zdF9saW5rX3VybF9wYWdlIiwic2V0dGluZ3MiOnsicG9zdF9pZCI6IjQ1In19@\u00bb button_text=\u00bbContacto\u00bb button_alignment=\u00bbcenter\u00bb _builder_version=\u00bb4.7.7&#8243; _dynamic_attributes=\u00bbbutton_url\u00bb _module_preset=\u00bbdefault\u00bb custom_button=\u00bbon\u00bb button_text_size=\u00bb25px\u00bb button_text_color=\u00bb#ffffff\u00bb button_bg_color=\u00bb#d6d6d6&#8243; button_border_width=\u00bb2px\u00bb button_border_color=\u00bb#e09900&#8243;][\/et_pb_button][\/et_pb_column][\/et_pb_row][\/et_pb_section]<\/p>\n","protected":false},"excerpt":{"rendered":"<p>Juan Jos\u00e9 Asensio de Haro &#8211; Abogado &#8211; BarcelonaJuan Jos\u00e9 Asensio de Haro &#8211; Abogado &#8211; Barcelona PIDE UNA CITA, Y HABLAMOS &nbsp;&nbsp; Juan Jos\u00e9 Asensio de Haro GABINETE BCN Calle Bartrina n. 29 bajo 08030 Barcelona tel:\u00a0 931863013 movil: 676409802 fax: 931863013 \u00bfBUSCAMOS LA SOLUCION A TU PROBLEMA?\u00c1REAS DE SERVICIOCIVILPENALLABORALINMOBILIARIAIMPUESTOS<\/p>\n","protected":false},"author":1,"featured_media":0,"parent":0,"menu_order":0,"comment_status":"closed","ping_status":"closed","template":"","meta":{"_et_pb_use_builder":"on","_et_pb_old_content":"","_et_gb_content_width":""},"_links":{"self":[{"href":"https:\/\/asensiojuan.com\/index.php?rest_route=\/wp\/v2\/pages\/36"}],"collection":[{"href":"https:\/\/asensiojuan.com\/index.php?rest_route=\/wp\/v2\/pages"}],"about":[{"href":"https:\/\/asensiojuan.com\/index.php?rest_route=\/wp\/v2\/types\/page"}],"author":[{"embeddable":true,"href":"https:\/\/asensiojuan.com\/index.php?rest_route=\/wp\/v2\/users\/1"}],"replies":[{"embeddable":true,"href":"https:\/\/asensiojuan.com\/index.php?rest_route=%2Fwp%2Fv2%2Fcomments&post=36"}],"version-history":[{"count":94,"href":"https:\/\/asensiojuan.com\/index.php?rest_route=\/wp\/v2\/pages\/36\/revisions"}],"predecessor-version":[{"id":29532,"href":"https:\/\/asensiojuan.com\/index.php?rest_route=\/wp\/v2\/pages\/36\/revisions\/29532"}],"wp:attachment":[{"href":"https:\/\/asensiojuan.com\/index.php?rest_route=%2Fwp%2Fv2%2Fmedia&parent=36"}],"curies":[{"name":"wp","href":"https:\/\/api.w.org\/{rel}","templated":true}]}}